{"id":51,"date":"2020-04-14T10:12:57","date_gmt":"2020-04-14T08:12:57","guid":{"rendered":"https:\/\/taxis-du-bessin.com\/?page_id=51"},"modified":"2020-08-05T08:48:17","modified_gmt":"2020-08-05T06:48:17","slug":"d-day-beaches-tour","status":"publish","type":"page","link":"https:\/\/taxis-du-bessin.com\/index.php\/d-day-beaches-tour\/","title":{"rendered":"D.DAY Beaches Tour."},"content":{"rendered":"\t\t<div data-elementor-type=\"wp-page\" data-elementor-id=\"51\" class=\"elementor elementor-51\" data-elementor-settings=\"[]\">\n\t\t\t<div class=\"elementor-inner\">\n\t\t\t\t<div class=\"elementor-section-wrap\">\n\t\t\t\t\t\t\t<section class=\"elementor-element elementor-element-69081817 elementor-section-boxed elementor-section-height-default elementor-section-height-default elementor-section elementor-top-section\" data-id=\"69081817\" data-element_type=\"section\">\n\t\t\t\t\t\t<div class=\"elementor-container elementor-column-gap-default\">\n\t\t\t\t<div class=\"elementor-row\">\n\t\t\t\t<div class=\"elementor-element elementor-element-182fbec7 elementor-column elementor-col-100 elementor-top-column\" data-id=\"182fbec7\" data-element_type=\"column\">\n\t\t\t<div class=\"elementor-column-wrap  elementor-element-populated\">\n\t\t\t\t\t<div class=\"elementor-widget-wrap\">\n\t\t\t\t<div class=\"elementor-element elementor-element-7e6392c5 elementor-widget elementor-widget-text-editor\" data-id=\"7e6392c5\" data-element_type=\"widget\" data-widget_type=\"text-editor.default\">\n\t\t\t\t<div class=\"elementor-widget-container\">\n\t\t\t\t\t<div class=\"elementor-text-editor elementor-clearfix\"><div class=\"brz-root__container\"><\/div><\/div>\n\t\t\t\t<\/div>\n\t\t\t\t<\/div>\n\t\t\t\t\t\t<\/div>\n\t\t\t<\/div>\n\t\t<\/div>\n\t\t\t\t\t\t<\/div>\n\t\t\t<\/div>\n\t\t<\/section>\n\t\t\t\t<section class=\"elementor-element elementor-element-436344f elementor-section-boxed elementor-section-height-default elementor-section-height-default elementor-section elementor-top-section\" data-id=\"436344f\" data-element_type=\"section\">\n\t\t\t\t\t\t<div class=\"elementor-container elementor-column-gap-default\">\n\t\t\t\t<div class=\"elementor-row\">\n\t\t\t\t<div class=\"elementor-element elementor-element-57ed42b elementor-column elementor-col-100 elementor-top-column\" data-id=\"57ed42b\" data-element_type=\"column\">\n\t\t\t<div class=\"elementor-column-wrap  elementor-element-populated\">\n\t\t\t\t\t<div class=\"elementor-widget-wrap\">\n\t\t\t\t<div class=\"elementor-element elementor-element-72d7eec elementor-invisible elementor-widget elementor-widget-image\" data-id=\"72d7eec\" data-element_type=\"widget\" data-settings=\"{&quot;_animation&quot;:&quot;zoomInRight&quot;}\" data-widget_type=\"image.default\">\n\t\t\t\t<div class=\"elementor-widget-container\">\n\t\t\t\t\t<div class=\"elementor-image\">\n\t\t\t\t\t\t\t\t\t\t<img loading=\"lazy\" decoding=\"async\" width=\"1152\" height=\"1536\" src=\"https:\/\/taxis-du-bessin.com\/wp-content\/uploads\/2020\/04\/IMG_3224-1152x1536.jpg\" class=\"attachment-1536x1536 size-1536x1536\" alt=\"\" srcset=\"https:\/\/taxis-du-bessin.com\/wp-content\/uploads\/2020\/04\/IMG_3224-1152x1536.jpg 1152w, https:\/\/taxis-du-bessin.com\/wp-content\/uploads\/2020\/04\/IMG_3224-225x300.jpg 225w, https:\/\/taxis-du-bessin.com\/wp-content\/uploads\/2020\/04\/IMG_3224-768x1024.jpg 768w, https:\/\/taxis-du-bessin.com\/wp-content\/uploads\/2020\/04\/IMG_3224-1536x2048.jpg 1536w, https:\/\/taxis-du-bessin.com\/wp-content\/uploads\/2020\/04\/IMG_3224-1568x2091.jpg 1568w, https:\/\/taxis-du-bessin.com\/wp-content\/uploads\/2020\/04\/IMG_3224-scaled.jpg 1920w\" sizes=\"100vw\" \/>\t\t\t\t\t\t\t\t\t\t\t<\/div>\n\t\t\t\t<\/div>\n\t\t\t\t<\/div>\n\t\t\t\t\t\t<\/div>\n\t\t\t<\/div>\n\t\t<\/div>\n\t\t\t\t\t\t<\/div>\n\t\t\t<\/div>\n\t\t<\/section>\n\t\t\t\t<section class=\"elementor-element elementor-element-6c26be7 elementor-section-boxed elementor-section-height-default elementor-section-height-default elementor-section elementor-top-section\" data-id=\"6c26be7\" data-element_type=\"section\">\n\t\t\t\t\t\t<div class=\"elementor-container elementor-column-gap-default\">\n\t\t\t\t<div class=\"elementor-row\">\n\t\t\t\t<div class=\"elementor-element elementor-element-8946e75 elementor-column elementor-col-100 elementor-top-column\" data-id=\"8946e75\" data-element_type=\"column\">\n\t\t\t<div class=\"elementor-column-wrap  elementor-element-populated\">\n\t\t\t\t\t<div class=\"elementor-widget-wrap\">\n\t\t\t\t<div class=\"elementor-element elementor-element-8d2284d elementor-invisible elementor-widget elementor-widget-image\" data-id=\"8d2284d\" data-element_type=\"widget\" data-settings=\"{&quot;_animation&quot;:&quot;bounceInDown&quot;}\" data-widget_type=\"image.default\">\n\t\t\t\t<div class=\"elementor-widget-container\">\n\t\t\t\t\t<div class=\"elementor-image\">\n\t\t\t\t\t\t\t\t\t\t<img loading=\"lazy\" decoding=\"async\" width=\"1536\" height=\"1152\" src=\"https:\/\/taxis-du-bessin.com\/wp-content\/uploads\/2020\/04\/IMG_3225-scaled-e1587970629184-1536x1152.jpg\" class=\"attachment-1536x1536 size-1536x1536\" alt=\"\" srcset=\"https:\/\/taxis-du-bessin.com\/wp-content\/uploads\/2020\/04\/IMG_3225-scaled-e1587970629184-1536x1152.jpg 1536w, https:\/\/taxis-du-bessin.com\/wp-content\/uploads\/2020\/04\/IMG_3225-scaled-e1587970629184-300x225.jpg 300w, https:\/\/taxis-du-bessin.com\/wp-content\/uploads\/2020\/04\/IMG_3225-scaled-e1587970629184-1024x768.jpg 1024w, https:\/\/taxis-du-bessin.com\/wp-content\/uploads\/2020\/04\/IMG_3225-scaled-e1587970629184-768x576.jpg 768w, https:\/\/taxis-du-bessin.com\/wp-content\/uploads\/2020\/04\/IMG_3225-scaled-e1587970629184-2048x1536.jpg 2048w, https:\/\/taxis-du-bessin.com\/wp-content\/uploads\/2020\/04\/IMG_3225-scaled-e1587970629184-1568x1176.jpg 1568w\" sizes=\"100vw\" \/>\t\t\t\t\t\t\t\t\t\t\t<\/div>\n\t\t\t\t<\/div>\n\t\t\t\t<\/div>\n\t\t\t\t\t\t<\/div>\n\t\t\t<\/div>\n\t\t<\/div>\n\t\t\t\t\t\t<\/div>\n\t\t\t<\/div>\n\t\t<\/section>\n\t\t\t\t\t\t<\/div>\n\t\t\t<\/div>\n\t\t<\/div>\n\t\t","protected":false},"excerpt":{"rendered":"","protected":false},"author":1,"featured_media":118,"parent":0,"menu_order":0,"comment_status":"closed","ping_status":"closed","template":"elementor_header_footer","meta":{"footnotes":""},"yoast_head":"<!-- This site is optimized with the Yoast SEO plugin v22.8 - https:\/\/yoast.com\/wordpress\/plugins\/seo\/ -->\n<title>D-day Beaches tours par les taxis \u00e0 Bayeux, les taxis du Bessin<\/title>\n<meta name=\"description\" content=\"D-day Beaches tours par les taxis \u00e0 Bayeux, les taxis du Bessin, pour des d\u00e9placements sereins tout au long des c\u00e9l\u00e8bres plages du d\u00e9barquement.\" \/>\n<meta name=\"robots\" content=\"index, follow, max-snippet:-1, max-image-preview:large, max-video-preview:-1\" \/>\n<link rel=\"canonical\" href=\"https:\/\/taxis-du-bessin.com\/index.php\/d-day-beaches-tour\/\" \/>\n<meta property=\"og:locale\" content=\"fr_FR\" \/>\n<meta property=\"og:type\" content=\"article\" \/>\n<meta property=\"og:title\" content=\"D-day Beaches tours par les taxis \u00e0 Bayeux, les taxis du Bessin\" \/>\n<meta property=\"og:description\" content=\"D-day Beaches tours par les taxis \u00e0 Bayeux, les taxis du Bessin, pour des d\u00e9placements sereins tout au long des c\u00e9l\u00e8bres plages du d\u00e9barquement.\" \/>\n<meta property=\"og:url\" content=\"https:\/\/taxis-du-bessin.com\/index.php\/d-day-beaches-tour\/\" \/>\n<meta property=\"og:site_name\" content=\"LES TAXIS DU BESSIN.\" \/>\n<meta property=\"article:modified_time\" content=\"2020-08-05T06:48:17+00:00\" \/>\n<meta property=\"og:image\" content=\"https:\/\/taxis-du-bessin.com\/wp-content\/uploads\/2020\/04\/DDay2.jpeg\" \/>\n\t<meta property=\"og:image:width\" content=\"2101\" \/>\n\t<meta property=\"og:image:height\" content=\"770\" \/>\n\t<meta property=\"og:image:type\" content=\"image\/jpeg\" \/>\n<meta name=\"twitter:card\" content=\"summary_large_image\" \/>\n<script type=\"application\/ld+json\" class=\"yoast-schema-graph\">{\"@context\":\"https:\/\/schema.org\",\"@graph\":[{\"@type\":\"WebPage\",\"@id\":\"https:\/\/taxis-du-bessin.com\/index.php\/d-day-beaches-tour\/\",\"url\":\"https:\/\/taxis-du-bessin.com\/index.php\/d-day-beaches-tour\/\",\"name\":\"D-day Beaches tours par les taxis \u00e0 Bayeux, les taxis du Bessin\",\"isPartOf\":{\"@id\":\"https:\/\/taxis-du-bessin.com\/#website\"},\"primaryImageOfPage\":{\"@id\":\"https:\/\/taxis-du-bessin.com\/index.php\/d-day-beaches-tour\/#primaryimage\"},\"image\":{\"@id\":\"https:\/\/taxis-du-bessin.com\/index.php\/d-day-beaches-tour\/#primaryimage\"},\"thumbnailUrl\":\"https:\/\/taxis-du-bessin.com\/wp-content\/uploads\/2020\/04\/DDay2.jpeg\",\"datePublished\":\"2020-04-14T08:12:57+00:00\",\"dateModified\":\"2020-08-05T06:48:17+00:00\",\"description\":\"D-day Beaches tours par les taxis \u00e0 Bayeux, les taxis du Bessin, pour des d\u00e9placements sereins tout au long des c\u00e9l\u00e8bres plages du d\u00e9barquement.\",\"breadcrumb\":{\"@id\":\"https:\/\/taxis-du-bessin.com\/index.php\/d-day-beaches-tour\/#breadcrumb\"},\"inLanguage\":\"fr-FR\",\"potentialAction\":[{\"@type\":\"ReadAction\",\"target\":[\"https:\/\/taxis-du-bessin.com\/index.php\/d-day-beaches-tour\/\"]}]},{\"@type\":\"ImageObject\",\"inLanguage\":\"fr-FR\",\"@id\":\"https:\/\/taxis-du-bessin.com\/index.php\/d-day-beaches-tour\/#primaryimage\",\"url\":\"https:\/\/taxis-du-bessin.com\/wp-content\/uploads\/2020\/04\/DDay2.jpeg\",\"contentUrl\":\"https:\/\/taxis-du-bessin.com\/wp-content\/uploads\/2020\/04\/DDay2.jpeg\",\"width\":2101,\"height\":770,\"caption\":\"D. DAY Beaches Tours\"},{\"@type\":\"BreadcrumbList\",\"@id\":\"https:\/\/taxis-du-bessin.com\/index.php\/d-day-beaches-tour\/#breadcrumb\",\"itemListElement\":[{\"@type\":\"ListItem\",\"position\":1,\"name\":\"Accueil\",\"item\":\"https:\/\/taxis-du-bessin.com\/\"},{\"@type\":\"ListItem\",\"position\":2,\"name\":\"D.DAY Beaches Tour.\"}]},{\"@type\":\"WebSite\",\"@id\":\"https:\/\/taxis-du-bessin.com\/#website\",\"url\":\"https:\/\/taxis-du-bessin.com\/\",\"name\":\"LES TAXIS DU BESSIN.\",\"description\":\"(00-33) 02-31-92-92-40    \/ Taxisdubessin@yahoo.fr\",\"publisher\":{\"@id\":\"https:\/\/taxis-du-bessin.com\/#organization\"},\"potentialAction\":[{\"@type\":\"SearchAction\",\"target\":{\"@type\":\"EntryPoint\",\"urlTemplate\":\"https:\/\/taxis-du-bessin.com\/?s={search_term_string}\"},\"query-input\":\"required name=search_term_string\"}],\"inLanguage\":\"fr-FR\"},{\"@type\":\"Organization\",\"@id\":\"https:\/\/taxis-du-bessin.com\/#organization\",\"name\":\"Taxis du Bessin\",\"url\":\"https:\/\/taxis-du-bessin.com\/\",\"logo\":{\"@type\":\"ImageObject\",\"inLanguage\":\"fr-FR\",\"@id\":\"https:\/\/taxis-du-bessin.com\/#\/schema\/logo\/image\/\",\"url\":\"https:\/\/taxis-du-bessin.com\/wp-content\/uploads\/2020\/04\/taxisdubessin.jpeg\",\"contentUrl\":\"https:\/\/taxis-du-bessin.com\/wp-content\/uploads\/2020\/04\/taxisdubessin.jpeg\",\"width\":404,\"height\":201,\"caption\":\"Taxis du Bessin\"},\"image\":{\"@id\":\"https:\/\/taxis-du-bessin.com\/#\/schema\/logo\/image\/\"}}]}<\/script>\n<!-- \/ Yoast SEO plugin. -->","yoast_head_json":{"title":"D-day Beaches tours par les taxis \u00e0 Bayeux, les taxis du Bessin","description":"D-day Beaches tours par les taxis \u00e0 Bayeux, les taxis du Bessin, pour des d\u00e9placements sereins tout au long des c\u00e9l\u00e8bres plages du d\u00e9barquement.","robots":{"index":"index","follow":"follow","max-snippet":"max-snippet:-1","max-image-preview":"max-image-preview:large","max-video-preview":"max-video-preview:-1"},"canonical":"https:\/\/taxis-du-bessin.com\/index.php\/d-day-beaches-tour\/","og_locale":"fr_FR","og_type":"article","og_title":"D-day Beaches tours par les taxis \u00e0 Bayeux, les taxis du Bessin","og_description":"D-day Beaches tours par les taxis \u00e0 Bayeux, les taxis du Bessin, pour des d\u00e9placements sereins tout au long des c\u00e9l\u00e8bres plages du d\u00e9barquement.","og_url":"https:\/\/taxis-du-bessin.com\/index.php\/d-day-beaches-tour\/","og_site_name":"LES TAXIS DU BESSIN.","article_modified_time":"2020-08-05T06:48:17+00:00","og_image":[{"width":2101,"height":770,"url":"https:\/\/taxis-du-bessin.com\/wp-content\/uploads\/2020\/04\/DDay2.jpeg","type":"image\/jpeg"}],"twitter_card":"summary_large_image","schema":{"@context":"https:\/\/schema.org","@graph":[{"@type":"WebPage","@id":"https:\/\/taxis-du-bessin.com\/index.php\/d-day-beaches-tour\/","url":"https:\/\/taxis-du-bessin.com\/index.php\/d-day-beaches-tour\/","name":"D-day Beaches tours par les taxis \u00e0 Bayeux, les taxis du Bessin","isPartOf":{"@id":"https:\/\/taxis-du-bessin.com\/#website"},"primaryImageOfPage":{"@id":"https:\/\/taxis-du-bessin.com\/index.php\/d-day-beaches-tour\/#primaryimage"},"image":{"@id":"https:\/\/taxis-du-bessin.com\/index.php\/d-day-beaches-tour\/#primaryimage"},"thumbnailUrl":"https:\/\/taxis-du-bessin.com\/wp-content\/uploads\/2020\/04\/DDay2.jpeg","datePublished":"2020-04-14T08:12:57+00:00","dateModified":"2020-08-05T06:48:17+00:00","description":"D-day Beaches tours par les taxis \u00e0 Bayeux, les taxis du Bessin, pour des d\u00e9placements sereins tout au long des c\u00e9l\u00e8bres plages du d\u00e9barquement.","breadcrumb":{"@id":"https:\/\/taxis-du-bessin.com\/index.php\/d-day-beaches-tour\/#breadcrumb"},"inLanguage":"fr-FR","potentialAction":[{"@type":"ReadAction","target":["https:\/\/taxis-du-bessin.com\/index.php\/d-day-beaches-tour\/"]}]},{"@type":"ImageObject","inLanguage":"fr-FR","@id":"https:\/\/taxis-du-bessin.com\/index.php\/d-day-beaches-tour\/#primaryimage","url":"https:\/\/taxis-du-bessin.com\/wp-content\/uploads\/2020\/04\/DDay2.jpeg","contentUrl":"https:\/\/taxis-du-bessin.com\/wp-content\/uploads\/2020\/04\/DDay2.jpeg","width":2101,"height":770,"caption":"D. DAY Beaches Tours"},{"@type":"BreadcrumbList","@id":"https:\/\/taxis-du-bessin.com\/index.php\/d-day-beaches-tour\/#breadcrumb","itemListElement":[{"@type":"ListItem","position":1,"name":"Accueil","item":"https:\/\/taxis-du-bessin.com\/"},{"@type":"ListItem","position":2,"name":"D.DAY Beaches Tour."}]},{"@type":"WebSite","@id":"https:\/\/taxis-du-bessin.com\/#website","url":"https:\/\/taxis-du-bessin.com\/","name":"LES TAXIS DU BESSIN.","description":"(00-33) 02-31-92-92-40    \/ Taxisdubessin@yahoo.fr","publisher":{"@id":"https:\/\/taxis-du-bessin.com\/#organization"},"potentialAction":[{"@type":"SearchAction","target":{"@type":"EntryPoint","urlTemplate":"https:\/\/taxis-du-bessin.com\/?s={search_term_string}"},"query-input":"required name=search_term_string"}],"inLanguage":"fr-FR"},{"@type":"Organization","@id":"https:\/\/taxis-du-bessin.com\/#organization","name":"Taxis du Bessin","url":"https:\/\/taxis-du-bessin.com\/","logo":{"@type":"ImageObject","inLanguage":"fr-FR","@id":"https:\/\/taxis-du-bessin.com\/#\/schema\/logo\/image\/","url":"https:\/\/taxis-du-bessin.com\/wp-content\/uploads\/2020\/04\/taxisdubessin.jpeg","contentUrl":"https:\/\/taxis-du-bessin.com\/wp-content\/uploads\/2020\/04\/taxisdubessin.jpeg","width":404,"height":201,"caption":"Taxis du Bessin"},"image":{"@id":"https:\/\/taxis-du-bessin.com\/#\/schema\/logo\/image\/"}}]}},"_links":{"self":[{"href":"https:\/\/taxis-du-bessin.com\/index.php\/wp-json\/wp\/v2\/pages\/51"}],"collection":[{"href":"https:\/\/taxis-du-bessin.com\/index.php\/wp-json\/wp\/v2\/pages"}],"about":[{"href":"https:\/\/taxis-du-bessin.com\/index.php\/wp-json\/wp\/v2\/types\/page"}],"author":[{"embeddable":true,"href":"https:\/\/taxis-du-bessin.com\/index.php\/wp-json\/wp\/v2\/users\/1"}],"replies":[{"embeddable":true,"href":"https:\/\/taxis-du-bessin.com\/index.php\/wp-json\/wp\/v2\/comments?post=51"}],"version-history":[{"count":12,"href":"https:\/\/taxis-du-bessin.com\/index.php\/wp-json\/wp\/v2\/pages\/51\/revisions"}],"predecessor-version":[{"id":455,"href":"https:\/\/taxis-du-bessin.com\/index.php\/wp-json\/wp\/v2\/pages\/51\/revisions\/455"}],"wp:featuredmedia":[{"embeddable":true,"href":"https:\/\/taxis-du-bessin.com\/index.php\/wp-json\/wp\/v2\/media\/118"}],"wp:attachment":[{"href":"https:\/\/taxis-du-bessin.com\/index.php\/wp-json\/wp\/v2\/media?parent=51"}],"curies":[{"name":"wp","href":"https:\/\/api.w.org\/{rel}","templated":true}]}}