{"id":465,"date":"2020-07-07T21:14:37","date_gmt":"2020-07-07T19:14:37","guid":{"rendered":"https:\/\/taxis-du-bessin.com\/?page_id=465"},"modified":"2020-08-05T08:56:22","modified_gmt":"2020-08-05T06:56:22","slug":"nos-partenaires-our-partners","status":"publish","type":"page","link":"https:\/\/taxis-du-bessin.com\/index.php\/nos-partenaires-our-partners\/","title":{"rendered":"Nos partenaires \/ Our partners"},"content":{"rendered":"\t\t<div data-elementor-type=\"wp-page\" data-elementor-id=\"465\" class=\"elementor elementor-465\" data-elementor-settings=\"[]\">\n\t\t\t<div class=\"elementor-inner\">\n\t\t\t\t<div class=\"elementor-section-wrap\">\n\t\t\t\t\t\t\t<section class=\"elementor-element elementor-element-95feedb elementor-section-boxed elementor-section-height-default elementor-section-height-default elementor-section elementor-top-section\" data-id=\"95feedb\" data-element_type=\"section\">\n\t\t\t\t\t\t<div class=\"elementor-container elementor-column-gap-default\">\n\t\t\t\t<div class=\"elementor-row\">\n\t\t\t\t<div class=\"elementor-element elementor-element-da1802f elementor-column elementor-col-100 elementor-top-column\" data-id=\"da1802f\" data-element_type=\"column\">\n\t\t\t<div class=\"elementor-column-wrap  elementor-element-populated\">\n\t\t\t\t\t<div class=\"elementor-widget-wrap\">\n\t\t\t\t<div class=\"elementor-element elementor-element-2f78f4c elementor-invisible elementor-widget elementor-widget-heading\" data-id=\"2f78f4c\" data-element_type=\"widget\" data-settings=\"{&quot;_animation&quot;:&quot;zoomInDown&quot;}\" data-widget_type=\"heading.default\">\n\t\t\t\t<div class=\"elementor-widget-container\">\n\t\t\t<h1 class=\"elementor-heading-title elementor-size-default\">Nos Partenaires \/ Our Partners<\/h1>\t\t<\/div>\n\t\t\t\t<\/div>\n\t\t\t\t\t\t<\/div>\n\t\t\t<\/div>\n\t\t<\/div>\n\t\t\t\t\t\t<\/div>\n\t\t\t<\/div>\n\t\t<\/section>\n\t\t\t\t<section class=\"elementor-element elementor-element-ceb7e76 elementor-section-boxed elementor-section-height-default elementor-section-height-default elementor-section elementor-top-section\" data-id=\"ceb7e76\" data-element_type=\"section\">\n\t\t\t\t\t\t<div class=\"elementor-container elementor-column-gap-default\">\n\t\t\t\t<div class=\"elementor-row\">\n\t\t\t\t<div class=\"elementor-element elementor-element-adf9f19 elementor-column elementor-col-100 elementor-top-column\" data-id=\"adf9f19\" data-element_type=\"column\">\n\t\t\t<div class=\"elementor-column-wrap  elementor-element-populated\">\n\t\t\t\t\t<div class=\"elementor-widget-wrap\">\n\t\t\t\t<div class=\"elementor-element elementor-element-2e4a8a9 elementor-widget elementor-widget-spacer\" data-id=\"2e4a8a9\" data-element_type=\"widget\" data-widget_type=\"spacer.default\">\n\t\t\t\t<div class=\"elementor-widget-container\">\n\t\t\t\t\t<div class=\"elementor-spacer\">\n\t\t\t<div class=\"elementor-spacer-inner\"><\/div>\n\t\t<\/div>\n\t\t\t\t<\/div>\n\t\t\t\t<\/div>\n\t\t\t\t\t\t<\/div>\n\t\t\t<\/div>\n\t\t<\/div>\n\t\t\t\t\t\t<\/div>\n\t\t\t<\/div>\n\t\t<\/section>\n\t\t\t\t<section class=\"elementor-element elementor-element-184752c elementor-section-boxed elementor-section-height-default elementor-section-height-default elementor-section elementor-top-section\" data-id=\"184752c\" data-element_type=\"section\">\n\t\t\t\t\t\t<div class=\"elementor-container elementor-column-gap-default\">\n\t\t\t\t<div class=\"elementor-row\">\n\t\t\t\t<div class=\"elementor-element elementor-element-3045b43 elementor-column elementor-col-50 elementor-top-column\" data-id=\"3045b43\" data-element_type=\"column\">\n\t\t\t<div class=\"elementor-column-wrap  elementor-element-populated\">\n\t\t\t\t\t<div class=\"elementor-widget-wrap\">\n\t\t\t\t<div class=\"elementor-element elementor-element-fee13b5 elementor-widget elementor-widget-image\" data-id=\"fee13b5\" data-element_type=\"widget\" data-widget_type=\"image.default\">\n\t\t\t\t<div class=\"elementor-widget-container\">\n\t\t\t\t\t<div class=\"elementor-image\">\n\t\t\t\t\t\t\t\t\t\t<img loading=\"lazy\" decoding=\"async\" width=\"300\" height=\"225\" src=\"https:\/\/taxis-du-bessin.com\/wp-content\/uploads\/2020\/07\/Musee-Omaha-Exterieur-2-300x225.jpg\" class=\"attachment-medium size-medium\" alt=\"\" srcset=\"https:\/\/taxis-du-bessin.com\/wp-content\/uploads\/2020\/07\/Musee-Omaha-Exterieur-2-300x225.jpg 300w, https:\/\/taxis-du-bessin.com\/wp-content\/uploads\/2020\/07\/Musee-Omaha-Exterieur-2-1024x768.jpg 1024w, https:\/\/taxis-du-bessin.com\/wp-content\/uploads\/2020\/07\/Musee-Omaha-Exterieur-2-768x576.jpg 768w, https:\/\/taxis-du-bessin.com\/wp-content\/uploads\/2020\/07\/Musee-Omaha-Exterieur-2.jpg 1200w\" sizes=\"100vw\" \/>\t\t\t\t\t\t\t\t\t\t\t<\/div>\n\t\t\t\t<\/div>\n\t\t\t\t<\/div>\n\t\t\t\t\t\t<\/div>\n\t\t\t<\/div>\n\t\t<\/div>\n\t\t\t\t<div class=\"elementor-element elementor-element-1203a47 elementor-column elementor-col-50 elementor-top-column\" data-id=\"1203a47\" data-element_type=\"column\">\n\t\t\t<div class=\"elementor-column-wrap  elementor-element-populated\">\n\t\t\t\t\t<div class=\"elementor-widget-wrap\">\n\t\t\t\t<div class=\"elementor-element elementor-element-437d30c elementor-widget elementor-widget-text-editor\" data-id=\"437d30c\" data-element_type=\"widget\" data-widget_type=\"text-editor.default\">\n\t\t\t\t<div class=\"elementor-widget-container\">\n\t\t\t\t\t<div class=\"elementor-text-editor elementor-clearfix\"><h3><strong><u>Mus\u00e9e M\u00e9morial d&#8217;Omaha Beach<\/u><\/strong><br \/>Avenue de la lib\u00e9ration<br \/>14710 Saint-Laurent-sur-Mer<br \/>T\u00e9l.:02.31.21.97.44<br \/>@:\u00a0<a href=\"https:\/\/webmail1g.orange.fr\/webmail\/fr_FR\/read.html?FOLDER=SF_INBOX&amp;IDMSG=2342&amp;check=&amp;SORTBY=1#\" target=\"_blank\" rel=\"noreferrer noopener\">contact@musee-memorial-omaha.com<\/a><br \/><br \/>Site web:\u00a0<a href=\"http:\/\/www.musee-memorial-omaha.com\/\" target=\"_blank\" rel=\"noreferrer noopener\">www.musee-memorial-omaha.com<\/a>\u00a0<\/h3><\/div>\n\t\t\t\t<\/div>\n\t\t\t\t<\/div>\n\t\t\t\t\t\t<\/div>\n\t\t\t<\/div>\n\t\t<\/div>\n\t\t\t\t\t\t<\/div>\n\t\t\t<\/div>\n\t\t<\/section>\n\t\t\t\t<section class=\"elementor-element elementor-element-ff6499f elementor-section-boxed elementor-section-height-default elementor-section-height-default elementor-section elementor-top-section\" data-id=\"ff6499f\" data-element_type=\"section\">\n\t\t\t\t\t\t<div class=\"elementor-container elementor-column-gap-default\">\n\t\t\t\t<div class=\"elementor-row\">\n\t\t\t\t<div class=\"elementor-element elementor-element-e6753c6 elementor-column elementor-col-100 elementor-top-column\" data-id=\"e6753c6\" data-element_type=\"column\">\n\t\t\t<div class=\"elementor-column-wrap  elementor-element-populated\">\n\t\t\t\t\t<div class=\"elementor-widget-wrap\">\n\t\t\t\t<div class=\"elementor-element elementor-element-90a4565 elementor-widget elementor-widget-text-editor\" data-id=\"90a4565\" data-element_type=\"widget\" data-widget_type=\"text-editor.default\">\n\t\t\t\t<div class=\"elementor-widget-container\">\n\t\t\t\t\t<div class=\"elementor-text-editor elementor-clearfix\"><h3>Les taxis du Bessin, taxis \u00e0 Bayeux, vont d\u00e9velopper peu \u00e0 peu, une liste de leurs partenaires pour vous offrir la meilleure exp\u00e9rience possible de s\u00e9jour.<\/h3><\/div>\n\t\t\t\t<\/div>\n\t\t\t\t<\/div>\n\t\t\t\t\t\t<\/div>\n\t\t\t<\/div>\n\t\t<\/div>\n\t\t\t\t\t\t<\/div>\n\t\t\t<\/div>\n\t\t<\/section>\n\t\t\t\t\t\t<\/div>\n\t\t\t<\/div>\n\t\t<\/div>\n\t\t","protected":false},"excerpt":{"rendered":"<p>Nos Partenaires \/ Our Partners Mus\u00e9e M\u00e9morial d&#8217;Omaha BeachAvenue de la lib\u00e9ration14710 Saint-Laurent-sur-MerT\u00e9l.:02.31.21.97.44@:\u00a0contact@musee-memorial-omaha.com Site web:\u00a0www.musee-memorial-omaha.com\u00a0 Les taxis du Bessin, taxis \u00e0 Bayeux, vont d\u00e9velopper peu \u00e0 peu, une liste de leurs partenaires pour vous offrir la meilleure exp\u00e9rience possible de s\u00e9jour.<\/p>\n","protected":false},"author":1,"featured_media":0,"parent":0,"menu_order":0,"comment_status":"closed","ping_status":"closed","template":"elementor_header_footer","meta":{"footnotes":""},"yoast_head":"<!-- This site is optimized with the Yoast SEO plugin v22.8 - https:\/\/yoast.com\/wordpress\/plugins\/seo\/ -->\n<title>Les taxis du bessin, taxis \u00e0 Bayeux et leurs partenaires<\/title>\n<meta name=\"description\" content=\"Les taxis du bessin, taxis \u00e0 Bayeux et leurs partenaires pour une exp\u00e9rience de s\u00e9jour optimis\u00e9e dans la r\u00e9gion de la c\u00e9l\u00e8bre cit\u00e9 m\u00e9dievale\" \/>\n<meta name=\"robots\" content=\"index, follow, max-snippet:-1, max-image-preview:large, max-video-preview:-1\" \/>\n<link rel=\"canonical\" href=\"https:\/\/taxis-du-bessin.com\/index.php\/nos-partenaires-our-partners\/\" \/>\n<meta property=\"og:locale\" content=\"fr_FR\" \/>\n<meta property=\"og:type\" content=\"article\" \/>\n<meta property=\"og:title\" content=\"Les taxis du bessin, taxis \u00e0 Bayeux et leurs partenaires\" \/>\n<meta property=\"og:description\" content=\"Les taxis du bessin, taxis \u00e0 Bayeux et leurs partenaires pour une exp\u00e9rience de s\u00e9jour optimis\u00e9e dans la r\u00e9gion de la c\u00e9l\u00e8bre cit\u00e9 m\u00e9dievale\" \/>\n<meta property=\"og:url\" content=\"https:\/\/taxis-du-bessin.com\/index.php\/nos-partenaires-our-partners\/\" \/>\n<meta property=\"og:site_name\" content=\"LES TAXIS DU BESSIN.\" \/>\n<meta property=\"article:modified_time\" content=\"2020-08-05T06:56:22+00:00\" \/>\n<meta property=\"og:image\" content=\"https:\/\/taxis-du-bessin.com\/wp-content\/uploads\/2020\/07\/Musee-Omaha-Exterieur-2-300x225.jpg\" \/>\n<meta name=\"twitter:card\" content=\"summary_large_image\" \/>\n<script type=\"application\/ld+json\" class=\"yoast-schema-graph\">{\"@context\":\"https:\/\/schema.org\",\"@graph\":[{\"@type\":\"WebPage\",\"@id\":\"https:\/\/taxis-du-bessin.com\/index.php\/nos-partenaires-our-partners\/\",\"url\":\"https:\/\/taxis-du-bessin.com\/index.php\/nos-partenaires-our-partners\/\",\"name\":\"Les taxis du bessin, taxis \u00e0 Bayeux et leurs partenaires\",\"isPartOf\":{\"@id\":\"https:\/\/taxis-du-bessin.com\/#website\"},\"primaryImageOfPage\":{\"@id\":\"https:\/\/taxis-du-bessin.com\/index.php\/nos-partenaires-our-partners\/#primaryimage\"},\"image\":{\"@id\":\"https:\/\/taxis-du-bessin.com\/index.php\/nos-partenaires-our-partners\/#primaryimage\"},\"thumbnailUrl\":\"https:\/\/taxis-du-bessin.com\/wp-content\/uploads\/2020\/07\/Musee-Omaha-Exterieur-2-300x225.jpg\",\"datePublished\":\"2020-07-07T19:14:37+00:00\",\"dateModified\":\"2020-08-05T06:56:22+00:00\",\"description\":\"Les taxis du bessin, taxis \u00e0 Bayeux et leurs partenaires pour une exp\u00e9rience de s\u00e9jour optimis\u00e9e dans la r\u00e9gion de la c\u00e9l\u00e8bre cit\u00e9 m\u00e9dievale\",\"breadcrumb\":{\"@id\":\"https:\/\/taxis-du-bessin.com\/index.php\/nos-partenaires-our-partners\/#breadcrumb\"},\"inLanguage\":\"fr-FR\",\"potentialAction\":[{\"@type\":\"ReadAction\",\"target\":[\"https:\/\/taxis-du-bessin.com\/index.php\/nos-partenaires-our-partners\/\"]}]},{\"@type\":\"ImageObject\",\"inLanguage\":\"fr-FR\",\"@id\":\"https:\/\/taxis-du-bessin.com\/index.php\/nos-partenaires-our-partners\/#primaryimage\",\"url\":\"https:\/\/taxis-du-bessin.com\/wp-content\/uploads\/2020\/07\/Musee-Omaha-Exterieur-2.jpg\",\"contentUrl\":\"https:\/\/taxis-du-bessin.com\/wp-content\/uploads\/2020\/07\/Musee-Omaha-Exterieur-2.jpg\",\"width\":1200,\"height\":900},{\"@type\":\"BreadcrumbList\",\"@id\":\"https:\/\/taxis-du-bessin.com\/index.php\/nos-partenaires-our-partners\/#breadcrumb\",\"itemListElement\":[{\"@type\":\"ListItem\",\"position\":1,\"name\":\"Accueil\",\"item\":\"https:\/\/taxis-du-bessin.com\/\"},{\"@type\":\"ListItem\",\"position\":2,\"name\":\"Nos partenaires \/ Our partners\"}]},{\"@type\":\"WebSite\",\"@id\":\"https:\/\/taxis-du-bessin.com\/#website\",\"url\":\"https:\/\/taxis-du-bessin.com\/\",\"name\":\"LES TAXIS DU BESSIN.\",\"description\":\"(00-33) 02-31-92-92-40    \/ Taxisdubessin@yahoo.fr\",\"publisher\":{\"@id\":\"https:\/\/taxis-du-bessin.com\/#organization\"},\"potentialAction\":[{\"@type\":\"SearchAction\",\"target\":{\"@type\":\"EntryPoint\",\"urlTemplate\":\"https:\/\/taxis-du-bessin.com\/?s={search_term_string}\"},\"query-input\":\"required name=search_term_string\"}],\"inLanguage\":\"fr-FR\"},{\"@type\":\"Organization\",\"@id\":\"https:\/\/taxis-du-bessin.com\/#organization\",\"name\":\"Taxis du Bessin\",\"url\":\"https:\/\/taxis-du-bessin.com\/\",\"logo\":{\"@type\":\"ImageObject\",\"inLanguage\":\"fr-FR\",\"@id\":\"https:\/\/taxis-du-bessin.com\/#\/schema\/logo\/image\/\",\"url\":\"https:\/\/taxis-du-bessin.com\/wp-content\/uploads\/2020\/04\/taxisdubessin.jpeg\",\"contentUrl\":\"https:\/\/taxis-du-bessin.com\/wp-content\/uploads\/2020\/04\/taxisdubessin.jpeg\",\"width\":404,\"height\":201,\"caption\":\"Taxis du Bessin\"},\"image\":{\"@id\":\"https:\/\/taxis-du-bessin.com\/#\/schema\/logo\/image\/\"}}]}<\/script>\n<!-- \/ Yoast SEO plugin. -->","yoast_head_json":{"title":"Les taxis du bessin, taxis \u00e0 Bayeux et leurs partenaires","description":"Les taxis du bessin, taxis \u00e0 Bayeux et leurs partenaires pour une exp\u00e9rience de s\u00e9jour optimis\u00e9e dans la r\u00e9gion de la c\u00e9l\u00e8bre cit\u00e9 m\u00e9dievale","robots":{"index":"index","follow":"follow","max-snippet":"max-snippet:-1","max-image-preview":"max-image-preview:large","max-video-preview":"max-video-preview:-1"},"canonical":"https:\/\/taxis-du-bessin.com\/index.php\/nos-partenaires-our-partners\/","og_locale":"fr_FR","og_type":"article","og_title":"Les taxis du bessin, taxis \u00e0 Bayeux et leurs partenaires","og_description":"Les taxis du bessin, taxis \u00e0 Bayeux et leurs partenaires pour une exp\u00e9rience de s\u00e9jour optimis\u00e9e dans la r\u00e9gion de la c\u00e9l\u00e8bre cit\u00e9 m\u00e9dievale","og_url":"https:\/\/taxis-du-bessin.com\/index.php\/nos-partenaires-our-partners\/","og_site_name":"LES TAXIS DU BESSIN.","article_modified_time":"2020-08-05T06:56:22+00:00","og_image":[{"url":"https:\/\/taxis-du-bessin.com\/wp-content\/uploads\/2020\/07\/Musee-Omaha-Exterieur-2-300x225.jpg"}],"twitter_card":"summary_large_image","schema":{"@context":"https:\/\/schema.org","@graph":[{"@type":"WebPage","@id":"https:\/\/taxis-du-bessin.com\/index.php\/nos-partenaires-our-partners\/","url":"https:\/\/taxis-du-bessin.com\/index.php\/nos-partenaires-our-partners\/","name":"Les taxis du bessin, taxis \u00e0 Bayeux et leurs partenaires","isPartOf":{"@id":"https:\/\/taxis-du-bessin.com\/#website"},"primaryImageOfPage":{"@id":"https:\/\/taxis-du-bessin.com\/index.php\/nos-partenaires-our-partners\/#primaryimage"},"image":{"@id":"https:\/\/taxis-du-bessin.com\/index.php\/nos-partenaires-our-partners\/#primaryimage"},"thumbnailUrl":"https:\/\/taxis-du-bessin.com\/wp-content\/uploads\/2020\/07\/Musee-Omaha-Exterieur-2-300x225.jpg","datePublished":"2020-07-07T19:14:37+00:00","dateModified":"2020-08-05T06:56:22+00:00","description":"Les taxis du bessin, taxis \u00e0 Bayeux et leurs partenaires pour une exp\u00e9rience de s\u00e9jour optimis\u00e9e dans la r\u00e9gion de la c\u00e9l\u00e8bre cit\u00e9 m\u00e9dievale","breadcrumb":{"@id":"https:\/\/taxis-du-bessin.com\/index.php\/nos-partenaires-our-partners\/#breadcrumb"},"inLanguage":"fr-FR","potentialAction":[{"@type":"ReadAction","target":["https:\/\/taxis-du-bessin.com\/index.php\/nos-partenaires-our-partners\/"]}]},{"@type":"ImageObject","inLanguage":"fr-FR","@id":"https:\/\/taxis-du-bessin.com\/index.php\/nos-partenaires-our-partners\/#primaryimage","url":"https:\/\/taxis-du-bessin.com\/wp-content\/uploads\/2020\/07\/Musee-Omaha-Exterieur-2.jpg","contentUrl":"https:\/\/taxis-du-bessin.com\/wp-content\/uploads\/2020\/07\/Musee-Omaha-Exterieur-2.jpg","width":1200,"height":900},{"@type":"BreadcrumbList","@id":"https:\/\/taxis-du-bessin.com\/index.php\/nos-partenaires-our-partners\/#breadcrumb","itemListElement":[{"@type":"ListItem","position":1,"name":"Accueil","item":"https:\/\/taxis-du-bessin.com\/"},{"@type":"ListItem","position":2,"name":"Nos partenaires \/ Our partners"}]},{"@type":"WebSite","@id":"https:\/\/taxis-du-bessin.com\/#website","url":"https:\/\/taxis-du-bessin.com\/","name":"LES TAXIS DU BESSIN.","description":"(00-33) 02-31-92-92-40    \/ Taxisdubessin@yahoo.fr","publisher":{"@id":"https:\/\/taxis-du-bessin.com\/#organization"},"potentialAction":[{"@type":"SearchAction","target":{"@type":"EntryPoint","urlTemplate":"https:\/\/taxis-du-bessin.com\/?s={search_term_string}"},"query-input":"required name=search_term_string"}],"inLanguage":"fr-FR"},{"@type":"Organization","@id":"https:\/\/taxis-du-bessin.com\/#organization","name":"Taxis du Bessin","url":"https:\/\/taxis-du-bessin.com\/","logo":{"@type":"ImageObject","inLanguage":"fr-FR","@id":"https:\/\/taxis-du-bessin.com\/#\/schema\/logo\/image\/","url":"https:\/\/taxis-du-bessin.com\/wp-content\/uploads\/2020\/04\/taxisdubessin.jpeg","contentUrl":"https:\/\/taxis-du-bessin.com\/wp-content\/uploads\/2020\/04\/taxisdubessin.jpeg","width":404,"height":201,"caption":"Taxis du Bessin"},"image":{"@id":"https:\/\/taxis-du-bessin.com\/#\/schema\/logo\/image\/"}}]}},"_links":{"self":[{"href":"https:\/\/taxis-du-bessin.com\/index.php\/wp-json\/wp\/v2\/pages\/465"}],"collection":[{"href":"https:\/\/taxis-du-bessin.com\/index.php\/wp-json\/wp\/v2\/pages"}],"about":[{"href":"https:\/\/taxis-du-bessin.com\/index.php\/wp-json\/wp\/v2\/types\/page"}],"author":[{"embeddable":true,"href":"https:\/\/taxis-du-bessin.com\/index.php\/wp-json\/wp\/v2\/users\/1"}],"replies":[{"embeddable":true,"href":"https:\/\/taxis-du-bessin.com\/index.php\/wp-json\/wp\/v2\/comments?post=465"}],"version-history":[{"count":6,"href":"https:\/\/taxis-du-bessin.com\/index.php\/wp-json\/wp\/v2\/pages\/465\/revisions"}],"predecessor-version":[{"id":487,"href":"https:\/\/taxis-du-bessin.com\/index.php\/wp-json\/wp\/v2\/pages\/465\/revisions\/487"}],"wp:attachment":[{"href":"https:\/\/taxis-du-bessin.com\/index.php\/wp-json\/wp\/v2\/media?parent=465"}],"curies":[{"name":"wp","href":"https:\/\/api.w.org\/{rel}","templated":true}]}}