{"id":3,"date":"2020-04-08T09:08:16","date_gmt":"2020-04-08T07:08:16","guid":{"rendered":"http:\/\/taxis-du-bessin.com\/?page_id=3"},"modified":"2020-08-05T08:57:43","modified_gmt":"2020-08-05T06:57:43","slug":"politique-de-confidentialite","status":"publish","type":"page","link":"https:\/\/taxis-du-bessin.com\/index.php\/politique-de-confidentialite\/","title":{"rendered":"Politique de confidentialit\u00e9"},"content":{"rendered":"\t\t<div data-elementor-type=\"wp-page\" data-elementor-id=\"3\" class=\"elementor elementor-3\" data-elementor-settings=\"[]\">\n\t\t\t<div class=\"elementor-inner\">\n\t\t\t\t<div class=\"elementor-section-wrap\">\n\t\t\t\t\t\t\t<section class=\"elementor-element elementor-element-2a239329 elementor-section-boxed elementor-section-height-default elementor-section-height-default elementor-section elementor-top-section\" data-id=\"2a239329\" data-element_type=\"section\">\n\t\t\t\t\t\t<div class=\"elementor-container elementor-column-gap-default\">\n\t\t\t\t<div class=\"elementor-row\">\n\t\t\t\t<div class=\"elementor-element elementor-element-2ae348da elementor-column elementor-col-100 elementor-top-column\" data-id=\"2ae348da\" data-element_type=\"column\">\n\t\t\t<div class=\"elementor-column-wrap  elementor-element-populated\">\n\t\t\t\t\t<div class=\"elementor-widget-wrap\">\n\t\t\t\t<div class=\"elementor-element elementor-element-3adf6693 elementor-widget elementor-widget-text-editor\" data-id=\"3adf6693\" data-element_type=\"widget\" data-widget_type=\"text-editor.default\">\n\t\t\t\t<div class=\"elementor-widget-container\">\n\t\t\t\t\t<div class=\"elementor-text-editor elementor-clearfix\"><\/div>\n\t\t\t\t<\/div>\n\t\t\t\t<\/div>\n\t\t\t\t\t\t<\/div>\n\t\t\t<\/div>\n\t\t<\/div>\n\t\t\t\t\t\t<\/div>\n\t\t\t<\/div>\n\t\t<\/section>\n\t\t\t\t<section class=\"elementor-element elementor-element-0fbd73f elementor-section-boxed elementor-section-height-default elementor-section-height-default elementor-section elementor-top-section\" data-id=\"0fbd73f\" data-element_type=\"section\">\n\t\t\t\t\t\t<div class=\"elementor-container elementor-column-gap-default\">\n\t\t\t\t<div class=\"elementor-row\">\n\t\t\t\t<div class=\"elementor-element elementor-element-61c21f8 elementor-column elementor-col-100 elementor-top-column\" data-id=\"61c21f8\" data-element_type=\"column\">\n\t\t\t<div class=\"elementor-column-wrap  elementor-element-populated\">\n\t\t\t\t\t<div class=\"elementor-widget-wrap\">\n\t\t\t\t<div class=\"elementor-element elementor-element-3a5232a elementor-widget elementor-widget-heading\" data-id=\"3a5232a\" data-element_type=\"widget\" data-widget_type=\"heading.default\">\n\t\t\t\t<div class=\"elementor-widget-container\">\n\t\t\t<h1 class=\"elementor-heading-title elementor-size-default\">Mentions l\u00e9gales\net politique de confidentialit\u00e9.<\/h1>\t\t<\/div>\n\t\t\t\t<\/div>\n\t\t\t\t\t\t<\/div>\n\t\t\t<\/div>\n\t\t<\/div>\n\t\t\t\t\t\t<\/div>\n\t\t\t<\/div>\n\t\t<\/section>\n\t\t\t\t<section class=\"elementor-element elementor-element-dd09984 elementor-section-boxed elementor-section-height-default elementor-section-height-default elementor-section elementor-top-section\" data-id=\"dd09984\" data-element_type=\"section\">\n\t\t\t\t\t\t<div class=\"elementor-container elementor-column-gap-default\">\n\t\t\t\t<div class=\"elementor-row\">\n\t\t\t\t<div class=\"elementor-element elementor-element-41cf4fa elementor-column elementor-col-100 elementor-top-column\" data-id=\"41cf4fa\" data-element_type=\"column\">\n\t\t\t<div class=\"elementor-column-wrap  elementor-element-populated\">\n\t\t\t\t\t<div class=\"elementor-widget-wrap\">\n\t\t\t\t<div class=\"elementor-element elementor-element-2f83734 elementor-widget elementor-widget-spacer\" data-id=\"2f83734\" data-element_type=\"widget\" data-widget_type=\"spacer.default\">\n\t\t\t\t<div class=\"elementor-widget-container\">\n\t\t\t\t\t<div class=\"elementor-spacer\">\n\t\t\t<div class=\"elementor-spacer-inner\"><\/div>\n\t\t<\/div>\n\t\t\t\t<\/div>\n\t\t\t\t<\/div>\n\t\t\t\t\t\t<\/div>\n\t\t\t<\/div>\n\t\t<\/div>\n\t\t\t\t\t\t<\/div>\n\t\t\t<\/div>\n\t\t<\/section>\n\t\t\t\t<section class=\"elementor-element elementor-element-b73f187 elementor-section-boxed elementor-section-height-default elementor-section-height-default elementor-section elementor-top-section\" data-id=\"b73f187\" data-element_type=\"section\">\n\t\t\t\t\t\t<div class=\"elementor-container elementor-column-gap-default\">\n\t\t\t\t<div class=\"elementor-row\">\n\t\t\t\t<div class=\"elementor-element elementor-element-f8755b9 elementor-column elementor-col-100 elementor-top-column\" data-id=\"f8755b9\" data-element_type=\"column\">\n\t\t\t<div class=\"elementor-column-wrap  elementor-element-populated\">\n\t\t\t\t\t<div class=\"elementor-widget-wrap\">\n\t\t\t\t<div class=\"elementor-element elementor-element-7af8b46 elementor-widget elementor-widget-text-editor\" data-id=\"7af8b46\" data-element_type=\"widget\" data-widget_type=\"text-editor.default\">\n\t\t\t\t<div class=\"elementor-widget-container\">\n\t\t\t\t\t<div class=\"elementor-text-editor elementor-clearfix\"><h4><strong><b>L\u2019adresse de notre<\/b><\/strong> <strong>site<b> Web est\u00a0: https:\/\/<\/b><\/strong><strong><b>taxis-du-bessin.com<\/b><\/strong><\/h4><h4><strong><b>L\u2019ensemble de ce site est soumis \u00e0 la r\u00e9glementation fran\u00e7aise et communautaire.<\/b><\/strong><strong><b><br \/><\/b><\/strong><strong><b>Tous les contenus publi\u00e9s sur ce site internet sont la propri\u00e9t\u00e9 exclusive de<\/b><\/strong><strong><b>s Taxis du Bessin.<\/b><\/strong><\/h4><h2><strong><b>\u00a0<\/b><\/strong><\/h2><h4><strong><b>Si\u00e8ge social :<\/b><\/strong><\/h4><h4>TAXIS DU BESSIN &#8211; 17 Rue MARIE-ANNE CUIRET &#8211; 14400 BAYEUX<\/h4><h2><strong><b>Editeur<\/b><\/strong><strong><b><br \/><\/b><\/strong><strong><b>Agence Vecteur-7\u00a0 &#8211;\u00a0 Espace Vitamines\u00a0 &#8211;\u00a0 Rue des Longues Haies\u00a0 &#8211;\u00a0 14400 NONANT<\/b><\/strong><strong><b><br \/><\/b><\/strong><strong><b>RCS CAEN 500 717 798 (2018 A 31)<\/b><\/strong><\/h2><p>\u00a0<\/p><h4><strong><b>R\u00e8glement G\u00e9n\u00e9ral sur la Protection des Donn\u00e9es (RGPD)<\/b><\/strong><\/h4><h4>\u00a0<\/h4><h4><strong><b>Les informations recueillies sur nos formulaire sont enregistr\u00e9es et conserv\u00e9es pendant deux semaines. Conform\u00e9ment \u00e0 la loi \u00ab informatique et libert\u00e9s \u00bb du 6 janvier 1978, telle que modifi\u00e9e selon la loi du 25 mai 2018, vous disposez d\u2019un droit d\u2019acc\u00e8s, de rectification, et d\u2019opposition aux donn\u00e9es personnelles vous concernant qui sont n\u00e9cessaires au traitement de votre demande et \u00e0 la gestion de nos relations commerciales. Pour exercer ces droits, il vous suffit de nous \u00e9crire<\/b><\/strong><strong><b>\u00a0\u00e0 l\u2019adresse suivante<\/b><\/strong><strong><b>\u00a0en nous indiquant votre nom, pr\u00e9nom, adresse postale et \u00e9lectronique afin de vous donner satisfaction dans les meilleurs d\u00e9lais<\/b><\/strong><strong><b>\u00a0:<\/b><\/strong><\/h4><h4><strong><b>TAXIS DU BESSIN<\/b><\/strong><strong><b><br \/><\/b><\/strong><strong><b>17 RUE MARIE ANNE CUIRET<\/b><\/strong><strong><b>\u00a0<\/b><\/strong><strong><b><br \/><\/b><\/strong><strong><b>144<\/b><\/strong><strong><b>00 BAYEUX<\/b><\/strong><\/h4><h4><strong><b>L<\/b><\/strong><strong><b>es Taxis du Bessin sont seuls<\/b><\/strong><strong><b>\u00a0destinataire<\/b><\/strong><strong><b>s<\/b><\/strong><strong><b>\u00a0de ces donn\u00e9es. Nous sommes susceptibles de vous adresser des offres ou informations. Si vous ne souhaitez pas recevoir ces offres, il vous suffit de nous \u00e9crire \u00e0 <\/b><\/strong><strong><b>taxisdubessin<\/b><\/strong><strong><b>@<\/b><\/strong><strong><b>yahoo.fr<\/b><\/strong><strong><b>\u00a0ou de cliquer sur le lien de d\u00e9sinscription pr\u00e9sent sur les offres qui pourront vous \u00eatre adress\u00e9es ult\u00e9rieurement.<\/b><\/strong><\/h4><h4><strong><b>Les commentaires des visiteurs peuvent \u00eatre v\u00e9rifi\u00e9s \u00e0 l\u2019aide d\u2019un service automatis\u00e9 de d\u00e9tection des commentaires ind\u00e9sirables.<\/b><\/strong><\/h4><h4><strong><b>\u00a0<\/b><\/strong><\/h4><h4><strong><b>Cookies<\/b><\/strong><\/h4><h4><strong><b>Si vous d\u00e9posez un commentaire sur notre site, il vous sera propos\u00e9 d\u2019enregistrer votre nom, adresse de messagerie et site web dans des cookies. C\u2019est uniquement pour votre confort afin de ne pas avoir \u00e0 saisir ces informations si vous d\u00e9posez un autre commentaire plus tard. Ces cookies expirent au bout d\u2019un an.<\/b><\/strong><\/h4><h4><strong><b>Les articles de ce site peuvent inclure des contenus int\u00e9gr\u00e9s (par exemple des vid\u00e9os, images, articles\u2026). Le contenu int\u00e9gr\u00e9 depuis d\u2019autres sites se comporte de la m\u00eame mani\u00e8re que si le visiteur se rendait sur cet autre site.<\/b><\/strong><\/h4><h4><strong><b>Ces sites web pourraient collecter des donn\u00e9es sur vous, utiliser des cookies, embarquer des outils de suivis tiers, suivre vos interactions avec ces contenus embarqu\u00e9s si vous disposez d\u2019un compte connect\u00e9 sur leur site web.<\/b><\/strong><\/h4><h4><strong><b>Statistiques et mesures d\u2019audience<\/b><\/strong><\/h4><h4><strong><b>\u00a0Si vous avez un compte ou si vous avez laiss\u00e9 des commentaires sur le site, vous pouvez demander \u00e0 recevoir un fichier contenant toutes les donn\u00e9es personnelles que nous poss\u00e9dons \u00e0 votre sujet, incluant celles que vous nous avez fournies. Vous pouvez \u00e9galement demander la suppression des donn\u00e9es personnelles vous concernant. Cela ne prend pas en compte les donn\u00e9es stock\u00e9es \u00e0 des fins administratives, l\u00e9gales ou pour des raisons de s\u00e9curit\u00e9.<\/b><\/strong><\/h4><h4><strong><b>Informations de contact<\/b><\/strong><\/h4><h4><strong><b>Vous pouvez nous contacter :<\/b><\/strong><\/h4><ul><li><h4>Par la page &#8220;Contact&#8221;<\/h4><\/li><li>\u00a0<\/li><\/ul><h4><strong><b>Par T\u00e9l\u00e9phone : 0<\/b><\/strong><strong><b>2 31 92 92 40<\/b><\/strong><\/h4><ul><li>\u00a0<\/li><li>\u00a0<\/li><\/ul><h4><strong><b>Par mail : <\/b><\/strong><strong><b>taxisdubessin@yahoo.fr<\/b><\/strong><\/h4><h4><strong><b>Par courrier au si\u00e8ge social : <\/b><\/strong><\/h4><h4>TAXIS DU BESSIN &#8211; 17 RUE MARIE ANNE CUIRET<\/h4><h4>14400 BAYEUX<\/h4><ul><li>\u00a0<\/li><\/ul><h4><strong><b>\u00a0<\/b><\/strong><\/h4><h4><span style=\"font-weight: normal;\">H\u00e9bergeur\u00a0: OVH \u2013\u00a02\u00a0Rue\u00a0Kellermann &#8211;\u00a059100\u00a0ROUBAIX &#8211;\u00a0FR<\/span><\/h4><\/div>\n\t\t\t\t<\/div>\n\t\t\t\t<\/div>\n\t\t\t\t\t\t<\/div>\n\t\t\t<\/div>\n\t\t<\/div>\n\t\t\t\t\t\t<\/div>\n\t\t\t<\/div>\n\t\t<\/section>\n\t\t\t\t\t\t<\/div>\n\t\t\t<\/div>\n\t\t<\/div>\n\t\t","protected":false},"excerpt":{"rendered":"<p>Mentions l\u00e9gales et politique de confidentialit\u00e9. L\u2019adresse de notre site Web est&nbsp;: https:\/\/taxis-du-bessin.com L\u2019ensemble de ce site est soumis \u00e0 la r\u00e9glementation fran\u00e7aise et communautaire. Tous les contenus publi\u00e9s sur ce site internet sont la propri\u00e9t\u00e9 exclusive des Taxis du Bessin. &nbsp; Si\u00e8ge social : TAXIS DU BESSIN &#8211; 17 Rue MARIE-ANNE CUIRET &#8211; 14400 &hellip; <\/p>\n<p class=\"link-more\"><a href=\"https:\/\/taxis-du-bessin.com\/index.php\/politique-de-confidentialite\/\" class=\"more-link\">Continuer la lecture<span class=\"screen-reader-text\"> de &laquo;&nbsp;Politique de confidentialit\u00e9&nbsp;&raquo;<\/span><\/a><\/p>\n","protected":false},"author":1,"featured_media":0,"parent":0,"menu_order":0,"comment_status":"closed","ping_status":"open","template":"elementor_header_footer","meta":{"footnotes":""},"yoast_head":"<!-- This site is optimized with the Yoast SEO plugin v22.8 - https:\/\/yoast.com\/wordpress\/plugins\/seo\/ -->\n<title>Politique de confidentialit\u00e9 - LES TAXIS DU BESSIN.<\/title>\n<meta name=\"robots\" content=\"index, nofollow, max-snippet:-1, max-image-preview:large, max-video-preview:-1\" \/>\n<link rel=\"canonical\" href=\"https:\/\/taxis-du-bessin.com\/index.php\/politique-de-confidentialite\/\" \/>\n<meta property=\"og:locale\" content=\"fr_FR\" \/>\n<meta property=\"og:type\" content=\"article\" \/>\n<meta property=\"og:title\" content=\"Politique de confidentialit\u00e9 - LES TAXIS DU BESSIN.\" \/>\n<meta property=\"og:description\" content=\"Mentions l\u00e9gales et politique de confidentialit\u00e9. L\u2019adresse de notre site Web est&nbsp;: https:\/\/taxis-du-bessin.com L\u2019ensemble de ce site est soumis \u00e0 la r\u00e9glementation fran\u00e7aise et communautaire. Tous les contenus publi\u00e9s sur ce site internet sont la propri\u00e9t\u00e9 exclusive des Taxis du Bessin. &nbsp; Si\u00e8ge social : TAXIS DU BESSIN &#8211; 17 Rue MARIE-ANNE CUIRET &#8211; 14400 &hellip; Continuer la lecture de &laquo;&nbsp;Politique de confidentialit\u00e9&nbsp;&raquo;\" \/>\n<meta property=\"og:url\" content=\"https:\/\/taxis-du-bessin.com\/index.php\/politique-de-confidentialite\/\" \/>\n<meta property=\"og:site_name\" content=\"LES TAXIS DU BESSIN.\" \/>\n<meta property=\"article:modified_time\" content=\"2020-08-05T06:57:43+00:00\" \/>\n<meta name=\"twitter:card\" content=\"summary_large_image\" \/>\n<meta name=\"twitter:label1\" content=\"Dur\u00e9e de lecture estim\u00e9e\" \/>\n\t<meta name=\"twitter:data1\" content=\"3 minutes\" \/>\n<script type=\"application\/ld+json\" class=\"yoast-schema-graph\">{\"@context\":\"https:\/\/schema.org\",\"@graph\":[{\"@type\":\"WebPage\",\"@id\":\"https:\/\/taxis-du-bessin.com\/index.php\/politique-de-confidentialite\/\",\"url\":\"https:\/\/taxis-du-bessin.com\/index.php\/politique-de-confidentialite\/\",\"name\":\"Politique de confidentialit\u00e9 - LES TAXIS DU BESSIN.\",\"isPartOf\":{\"@id\":\"https:\/\/taxis-du-bessin.com\/#website\"},\"datePublished\":\"2020-04-08T07:08:16+00:00\",\"dateModified\":\"2020-08-05T06:57:43+00:00\",\"breadcrumb\":{\"@id\":\"https:\/\/taxis-du-bessin.com\/index.php\/politique-de-confidentialite\/#breadcrumb\"},\"inLanguage\":\"fr-FR\",\"potentialAction\":[{\"@type\":\"ReadAction\",\"target\":[\"https:\/\/taxis-du-bessin.com\/index.php\/politique-de-confidentialite\/\"]}]},{\"@type\":\"BreadcrumbList\",\"@id\":\"https:\/\/taxis-du-bessin.com\/index.php\/politique-de-confidentialite\/#breadcrumb\",\"itemListElement\":[{\"@type\":\"ListItem\",\"position\":1,\"name\":\"Accueil\",\"item\":\"https:\/\/taxis-du-bessin.com\/\"},{\"@type\":\"ListItem\",\"position\":2,\"name\":\"Politique de confidentialit\u00e9\"}]},{\"@type\":\"WebSite\",\"@id\":\"https:\/\/taxis-du-bessin.com\/#website\",\"url\":\"https:\/\/taxis-du-bessin.com\/\",\"name\":\"LES TAXIS DU BESSIN.\",\"description\":\"(00-33) 02-31-92-92-40    \/ Taxisdubessin@yahoo.fr\",\"publisher\":{\"@id\":\"https:\/\/taxis-du-bessin.com\/#organization\"},\"potentialAction\":[{\"@type\":\"SearchAction\",\"target\":{\"@type\":\"EntryPoint\",\"urlTemplate\":\"https:\/\/taxis-du-bessin.com\/?s={search_term_string}\"},\"query-input\":\"required name=search_term_string\"}],\"inLanguage\":\"fr-FR\"},{\"@type\":\"Organization\",\"@id\":\"https:\/\/taxis-du-bessin.com\/#organization\",\"name\":\"Taxis du Bessin\",\"url\":\"https:\/\/taxis-du-bessin.com\/\",\"logo\":{\"@type\":\"ImageObject\",\"inLanguage\":\"fr-FR\",\"@id\":\"https:\/\/taxis-du-bessin.com\/#\/schema\/logo\/image\/\",\"url\":\"https:\/\/taxis-du-bessin.com\/wp-content\/uploads\/2020\/04\/taxisdubessin.jpeg\",\"contentUrl\":\"https:\/\/taxis-du-bessin.com\/wp-content\/uploads\/2020\/04\/taxisdubessin.jpeg\",\"width\":404,\"height\":201,\"caption\":\"Taxis du Bessin\"},\"image\":{\"@id\":\"https:\/\/taxis-du-bessin.com\/#\/schema\/logo\/image\/\"}}]}<\/script>\n<!-- \/ Yoast SEO plugin. -->","yoast_head_json":{"title":"Politique de confidentialit\u00e9 - LES TAXIS DU BESSIN.","robots":{"index":"index","follow":"nofollow","max-snippet":"max-snippet:-1","max-image-preview":"max-image-preview:large","max-video-preview":"max-video-preview:-1"},"canonical":"https:\/\/taxis-du-bessin.com\/index.php\/politique-de-confidentialite\/","og_locale":"fr_FR","og_type":"article","og_title":"Politique de confidentialit\u00e9 - LES TAXIS DU BESSIN.","og_description":"Mentions l\u00e9gales et politique de confidentialit\u00e9. L\u2019adresse de notre site Web est&nbsp;: https:\/\/taxis-du-bessin.com L\u2019ensemble de ce site est soumis \u00e0 la r\u00e9glementation fran\u00e7aise et communautaire. Tous les contenus publi\u00e9s sur ce site internet sont la propri\u00e9t\u00e9 exclusive des Taxis du Bessin. &nbsp; Si\u00e8ge social : TAXIS DU BESSIN &#8211; 17 Rue MARIE-ANNE CUIRET &#8211; 14400 &hellip; Continuer la lecture de &laquo;&nbsp;Politique de confidentialit\u00e9&nbsp;&raquo;","og_url":"https:\/\/taxis-du-bessin.com\/index.php\/politique-de-confidentialite\/","og_site_name":"LES TAXIS DU BESSIN.","article_modified_time":"2020-08-05T06:57:43+00:00","twitter_card":"summary_large_image","twitter_misc":{"Dur\u00e9e de lecture estim\u00e9e":"3 minutes"},"schema":{"@context":"https:\/\/schema.org","@graph":[{"@type":"WebPage","@id":"https:\/\/taxis-du-bessin.com\/index.php\/politique-de-confidentialite\/","url":"https:\/\/taxis-du-bessin.com\/index.php\/politique-de-confidentialite\/","name":"Politique de confidentialit\u00e9 - LES TAXIS DU BESSIN.","isPartOf":{"@id":"https:\/\/taxis-du-bessin.com\/#website"},"datePublished":"2020-04-08T07:08:16+00:00","dateModified":"2020-08-05T06:57:43+00:00","breadcrumb":{"@id":"https:\/\/taxis-du-bessin.com\/index.php\/politique-de-confidentialite\/#breadcrumb"},"inLanguage":"fr-FR","potentialAction":[{"@type":"ReadAction","target":["https:\/\/taxis-du-bessin.com\/index.php\/politique-de-confidentialite\/"]}]},{"@type":"BreadcrumbList","@id":"https:\/\/taxis-du-bessin.com\/index.php\/politique-de-confidentialite\/#breadcrumb","itemListElement":[{"@type":"ListItem","position":1,"name":"Accueil","item":"https:\/\/taxis-du-bessin.com\/"},{"@type":"ListItem","position":2,"name":"Politique de confidentialit\u00e9"}]},{"@type":"WebSite","@id":"https:\/\/taxis-du-bessin.com\/#website","url":"https:\/\/taxis-du-bessin.com\/","name":"LES TAXIS DU BESSIN.","description":"(00-33) 02-31-92-92-40    \/ Taxisdubessin@yahoo.fr","publisher":{"@id":"https:\/\/taxis-du-bessin.com\/#organization"},"potentialAction":[{"@type":"SearchAction","target":{"@type":"EntryPoint","urlTemplate":"https:\/\/taxis-du-bessin.com\/?s={search_term_string}"},"query-input":"required name=search_term_string"}],"inLanguage":"fr-FR"},{"@type":"Organization","@id":"https:\/\/taxis-du-bessin.com\/#organization","name":"Taxis du Bessin","url":"https:\/\/taxis-du-bessin.com\/","logo":{"@type":"ImageObject","inLanguage":"fr-FR","@id":"https:\/\/taxis-du-bessin.com\/#\/schema\/logo\/image\/","url":"https:\/\/taxis-du-bessin.com\/wp-content\/uploads\/2020\/04\/taxisdubessin.jpeg","contentUrl":"https:\/\/taxis-du-bessin.com\/wp-content\/uploads\/2020\/04\/taxisdubessin.jpeg","width":404,"height":201,"caption":"Taxis du Bessin"},"image":{"@id":"https:\/\/taxis-du-bessin.com\/#\/schema\/logo\/image\/"}}]}},"_links":{"self":[{"href":"https:\/\/taxis-du-bessin.com\/index.php\/wp-json\/wp\/v2\/pages\/3"}],"collection":[{"href":"https:\/\/taxis-du-bessin.com\/index.php\/wp-json\/wp\/v2\/pages"}],"about":[{"href":"https:\/\/taxis-du-bessin.com\/index.php\/wp-json\/wp\/v2\/types\/page"}],"author":[{"embeddable":true,"href":"https:\/\/taxis-du-bessin.com\/index.php\/wp-json\/wp\/v2\/users\/1"}],"replies":[{"embeddable":true,"href":"https:\/\/taxis-du-bessin.com\/index.php\/wp-json\/wp\/v2\/comments?post=3"}],"version-history":[{"count":14,"href":"https:\/\/taxis-du-bessin.com\/index.php\/wp-json\/wp\/v2\/pages\/3\/revisions"}],"predecessor-version":[{"id":405,"href":"https:\/\/taxis-du-bessin.com\/index.php\/wp-json\/wp\/v2\/pages\/3\/revisions\/405"}],"wp:attachment":[{"href":"https:\/\/taxis-du-bessin.com\/index.php\/wp-json\/wp\/v2\/media?parent=3"}],"curies":[{"name":"wp","href":"https:\/\/api.w.org\/{rel}","templated":true}]}}